{"id":11795,"date":"2024-10-31T17:48:03","date_gmt":"2024-10-31T16:48:03","guid":{"rendered":"https:\/\/www.latavolagastro.ch\/kontakte\/"},"modified":"2025-01-10T17:41:13","modified_gmt":"2025-01-10T16:41:13","slug":"kontakte","status":"publish","type":"page","link":"https:\/\/www.latavolagastro.ch\/de\/kontakte\/","title":{"rendered":"Kontakte"},"content":{"rendered":"\n\n<div class=\"section \" style=\"\">\n  <div class=\"container-fluid\">\n    <div class=\"row\">\n      \n      <div class=\"col\">\n                  <div class=\"section-title\">\n            <h3>So erreichen Sie uns<\/h3>          <\/div>\n        \n                  <div class=\"text\">\n            <p>Das Restaurant La Tavola ist nur wenige Gehminuten vom Bahnhof entfernt, der Sie in nur 10 Minuten direkt mit dem Zug verbindet. Falls Sie mit dem Auto anreisen m\u00f6chten, stehen Ihnen direkt neben dem Restaurant Parkpl\u00e4tze zur Verf\u00fcgung. Wir warten auf Sie!  <\/p>\n          <\/div>\n        \n              <\/div>\n    <\/div>\n  <\/div>\n<\/div>\n\n\n\n<div class=\"section block-contacts pt-0\" style=\"\">\n  <div class=\"container-fluid\">\n    <div class=\"row\">\n      \n      <div class=\"col\">\n        \n        \n              <\/div>\n    <\/div>\n\n    <div class=\"content-container mt-0\">\n      <div class=\"row\">\n                  <div class=\"col-12 col-md\">\n            <div class=\"section-title\">\n              <h4>Kontakt<\/h4>\n            <\/div>\n            <div class=\"text\">\n              <p>\n                <a href=\"tel:0041417921212\">0041417921212<\/a>\n                <br>\n                info@latavolagastro.ch              <\/p>\n            <\/div>\n          <\/div>\n        \n                  <div class=\"col-12 col-md\">\n            <div class=\"section-title\">\n              <h4>Wo wir sind<\/h4>\n            <\/div>\n            <div class=\"text\">\n              <p>\n                Luzernerstrasse 9, <br> 6343 Risch-Rotkreuz &#8211; Svizzera              <\/p>\n            <\/div>\n          <\/div>\n        \n                  <div class=\"col-12 col-md\">\n            <div class=\"section-title\">\n              <h4>Orari<\/h4>\n            <\/div>\n            <div class=\"text\">\n              <p><strong>Montag bis Freitag<\/strong> 11.30 &#8211; 14.00 \/ 17.30 &#8211; 23.00<br \/>\n<strong>Samstag<\/strong> 17.30 &#8211; 23.00<\/p>\n            <\/div>\n          <\/div>\n              <\/div>\n    <\/div>\n  <\/div>\n<\/div>\n\n  <div class=\"section section-map\">\n    <div class=\"container-fluid\">\n      <div class=\"row\">\n        <div class=\"col-12 p-0\">\n          <div class=\"map-container\">\n            <div class=\"cookie-accept-text\">\n              Um die Karte anzeigen zu k\u00f6nnen, m\u00fcssen Sie analytische Cookies akzeptieren. Bearbeiten Sie die <strong>Cookie-Einstellungen<\/strong> unten links.            <\/div>\n            <iframe src=\"https:\/\/www.google.com\/maps\/embed?pb=!1m18!1m12!1m3!1d2455.4527980712446!2d8.426916815259275!3d47.1401050700723!2m3!1f0!2f0!3f0!3m2!1i1024!2i768!4f13.1!3m3!1m2!1s0x479001ec61717525%3A0x51e4d025aa968c90!2sRestaurant%20La%20tavola%20(Pizza%20cucina%20e%20vino)!5e0!3m2!1sit!2sit!4v1732627895771!5m2!1sit!2sit\" frameborder=\"0\" style=\"border: 0\" allowfullscreen=\"\" title=\"Google Maps\"><\/iframe>          <\/div>\n        <\/div>\n      <\/div>\n    <\/div>\n  <\/div>\n\n","protected":false},"excerpt":{"rendered":"","protected":false},"author":1,"featured_media":11796,"parent":0,"menu_order":0,"comment_status":"closed","ping_status":"closed","template":"","meta":{"_acf_changed":false,"footnotes":""},"class_list":["post-11795","page","type-page","status-publish","has-post-thumbnail","hentry"],"acf":[],"yoast_head":"<!-- This site is optimized with the Yoast SEO plugin v27.0 - https:\/\/yoast.com\/product\/yoast-seo-wordpress\/ -->\n<title>Kontakte | La Tavola<\/title>\n<meta name=\"description\" content=\"Kontaktieren Sie uns, um einen Tisch oder eine Mahlzeit zu reservieren, wo immer Sie m\u00f6chten!\" \/>\n<meta name=\"robots\" content=\"index, follow, max-snippet:-1, max-image-preview:large, max-video-preview:-1\" \/>\n<link rel=\"canonical\" href=\"https:\/\/www.latavolagastro.ch\/de\/kontakte\/\" \/>\n<meta property=\"og:locale\" content=\"de_DE\" \/>\n<meta property=\"og:type\" content=\"article\" \/>\n<meta property=\"og:title\" content=\"Kontakte | La Tavola\" \/>\n<meta property=\"og:description\" content=\"Kontaktieren Sie uns, um einen Tisch oder eine Mahlzeit zu reservieren, wo immer Sie m\u00f6chten!\" \/>\n<meta property=\"og:url\" content=\"https:\/\/www.latavolagastro.ch\/de\/kontakte\/\" \/>\n<meta property=\"og:site_name\" content=\"La Tavola\" \/>\n<meta property=\"article:modified_time\" content=\"2025-01-10T16:41:13+00:00\" \/>\n<meta property=\"og:image\" content=\"https:\/\/www.latavolagastro.ch\/wp-content\/uploads\/2024\/11\/bg-head-contacts.webp\" \/>\n\t<meta property=\"og:image:width\" content=\"1920\" \/>\n\t<meta property=\"og:image:height\" content=\"396\" \/>\n\t<meta property=\"og:image:type\" content=\"image\/webp\" \/>\n<meta name=\"twitter:card\" content=\"summary_large_image\" \/>\n<script type=\"application\/ld+json\" class=\"yoast-schema-graph\">{\"@context\":\"https:\/\/schema.org\",\"@graph\":[{\"@type\":\"WebPage\",\"@id\":\"https:\/\/www.latavolagastro.ch\/de\/kontakte\/\",\"url\":\"https:\/\/www.latavolagastro.ch\/de\/kontakte\/\",\"name\":\"Kontakte | La Tavola\",\"isPartOf\":{\"@id\":\"https:\/\/www.latavolagastro.ch\/de\/#website\"},\"primaryImageOfPage\":{\"@id\":\"https:\/\/www.latavolagastro.ch\/de\/kontakte\/#primaryimage\"},\"image\":{\"@id\":\"https:\/\/www.latavolagastro.ch\/de\/kontakte\/#primaryimage\"},\"thumbnailUrl\":\"https:\/\/www.latavolagastro.ch\/wp-content\/uploads\/2024\/11\/bg-head-contacts.webp\",\"datePublished\":\"2024-10-31T16:48:03+00:00\",\"dateModified\":\"2025-01-10T16:41:13+00:00\",\"description\":\"Kontaktieren Sie uns, um einen Tisch oder eine Mahlzeit zu reservieren, wo immer Sie m\u00f6chten!\",\"breadcrumb\":{\"@id\":\"https:\/\/www.latavolagastro.ch\/de\/kontakte\/#breadcrumb\"},\"inLanguage\":\"de\",\"potentialAction\":[{\"@type\":\"ReadAction\",\"target\":[\"https:\/\/www.latavolagastro.ch\/de\/kontakte\/\"]}]},{\"@type\":\"ImageObject\",\"inLanguage\":\"de\",\"@id\":\"https:\/\/www.latavolagastro.ch\/de\/kontakte\/#primaryimage\",\"url\":\"https:\/\/www.latavolagastro.ch\/wp-content\/uploads\/2024\/11\/bg-head-contacts.webp\",\"contentUrl\":\"https:\/\/www.latavolagastro.ch\/wp-content\/uploads\/2024\/11\/bg-head-contacts.webp\",\"width\":1920,\"height\":396},{\"@type\":\"BreadcrumbList\",\"@id\":\"https:\/\/www.latavolagastro.ch\/de\/kontakte\/#breadcrumb\",\"itemListElement\":[{\"@type\":\"ListItem\",\"position\":1,\"name\":\"Home\",\"item\":\"https:\/\/www.latavolagastro.ch\/de\/\"},{\"@type\":\"ListItem\",\"position\":2,\"name\":\"Kontakte\"}]},{\"@type\":\"WebSite\",\"@id\":\"https:\/\/www.latavolagastro.ch\/de\/#website\",\"url\":\"https:\/\/www.latavolagastro.ch\/de\/\",\"name\":\"La Tavola\",\"description\":\"\",\"publisher\":{\"@id\":\"https:\/\/www.latavolagastro.ch\/de\/#organization\"},\"potentialAction\":[{\"@type\":\"SearchAction\",\"target\":{\"@type\":\"EntryPoint\",\"urlTemplate\":\"https:\/\/www.latavolagastro.ch\/de\/?s={search_term_string}\"},\"query-input\":{\"@type\":\"PropertyValueSpecification\",\"valueRequired\":true,\"valueName\":\"search_term_string\"}}],\"inLanguage\":\"de\"},{\"@type\":\"Organization\",\"@id\":\"https:\/\/www.latavolagastro.ch\/de\/#organization\",\"name\":\"La Tavola\",\"url\":\"https:\/\/www.latavolagastro.ch\/de\/\",\"logo\":{\"@type\":\"ImageObject\",\"inLanguage\":\"de\",\"@id\":\"https:\/\/www.latavolagastro.ch\/de\/#\/schema\/logo\/image\/\",\"url\":\"https:\/\/www.latavolagastro.ch\/wp-content\/uploads\/2024\/10\/cropped-favicon.png\",\"contentUrl\":\"https:\/\/www.latavolagastro.ch\/wp-content\/uploads\/2024\/10\/cropped-favicon.png\",\"width\":512,\"height\":512,\"caption\":\"La Tavola\"},\"image\":{\"@id\":\"https:\/\/www.latavolagastro.ch\/de\/#\/schema\/logo\/image\/\"}}]}<\/script>\n<!-- \/ Yoast SEO plugin. -->","yoast_head_json":{"title":"Kontakte | La Tavola","description":"Kontaktieren Sie uns, um einen Tisch oder eine Mahlzeit zu reservieren, wo immer Sie m\u00f6chten!","robots":{"index":"index","follow":"follow","max-snippet":"max-snippet:-1","max-image-preview":"max-image-preview:large","max-video-preview":"max-video-preview:-1"},"canonical":"https:\/\/www.latavolagastro.ch\/de\/kontakte\/","og_locale":"de_DE","og_type":"article","og_title":"Kontakte | La Tavola","og_description":"Kontaktieren Sie uns, um einen Tisch oder eine Mahlzeit zu reservieren, wo immer Sie m\u00f6chten!","og_url":"https:\/\/www.latavolagastro.ch\/de\/kontakte\/","og_site_name":"La Tavola","article_modified_time":"2025-01-10T16:41:13+00:00","og_image":[{"width":1920,"height":396,"url":"https:\/\/www.latavolagastro.ch\/wp-content\/uploads\/2024\/11\/bg-head-contacts.webp","type":"image\/webp"}],"twitter_card":"summary_large_image","schema":{"@context":"https:\/\/schema.org","@graph":[{"@type":"WebPage","@id":"https:\/\/www.latavolagastro.ch\/de\/kontakte\/","url":"https:\/\/www.latavolagastro.ch\/de\/kontakte\/","name":"Kontakte | La Tavola","isPartOf":{"@id":"https:\/\/www.latavolagastro.ch\/de\/#website"},"primaryImageOfPage":{"@id":"https:\/\/www.latavolagastro.ch\/de\/kontakte\/#primaryimage"},"image":{"@id":"https:\/\/www.latavolagastro.ch\/de\/kontakte\/#primaryimage"},"thumbnailUrl":"https:\/\/www.latavolagastro.ch\/wp-content\/uploads\/2024\/11\/bg-head-contacts.webp","datePublished":"2024-10-31T16:48:03+00:00","dateModified":"2025-01-10T16:41:13+00:00","description":"Kontaktieren Sie uns, um einen Tisch oder eine Mahlzeit zu reservieren, wo immer Sie m\u00f6chten!","breadcrumb":{"@id":"https:\/\/www.latavolagastro.ch\/de\/kontakte\/#breadcrumb"},"inLanguage":"de","potentialAction":[{"@type":"ReadAction","target":["https:\/\/www.latavolagastro.ch\/de\/kontakte\/"]}]},{"@type":"ImageObject","inLanguage":"de","@id":"https:\/\/www.latavolagastro.ch\/de\/kontakte\/#primaryimage","url":"https:\/\/www.latavolagastro.ch\/wp-content\/uploads\/2024\/11\/bg-head-contacts.webp","contentUrl":"https:\/\/www.latavolagastro.ch\/wp-content\/uploads\/2024\/11\/bg-head-contacts.webp","width":1920,"height":396},{"@type":"BreadcrumbList","@id":"https:\/\/www.latavolagastro.ch\/de\/kontakte\/#breadcrumb","itemListElement":[{"@type":"ListItem","position":1,"name":"Home","item":"https:\/\/www.latavolagastro.ch\/de\/"},{"@type":"ListItem","position":2,"name":"Kontakte"}]},{"@type":"WebSite","@id":"https:\/\/www.latavolagastro.ch\/de\/#website","url":"https:\/\/www.latavolagastro.ch\/de\/","name":"La Tavola","description":"","publisher":{"@id":"https:\/\/www.latavolagastro.ch\/de\/#organization"},"potentialAction":[{"@type":"SearchAction","target":{"@type":"EntryPoint","urlTemplate":"https:\/\/www.latavolagastro.ch\/de\/?s={search_term_string}"},"query-input":{"@type":"PropertyValueSpecification","valueRequired":true,"valueName":"search_term_string"}}],"inLanguage":"de"},{"@type":"Organization","@id":"https:\/\/www.latavolagastro.ch\/de\/#organization","name":"La Tavola","url":"https:\/\/www.latavolagastro.ch\/de\/","logo":{"@type":"ImageObject","inLanguage":"de","@id":"https:\/\/www.latavolagastro.ch\/de\/#\/schema\/logo\/image\/","url":"https:\/\/www.latavolagastro.ch\/wp-content\/uploads\/2024\/10\/cropped-favicon.png","contentUrl":"https:\/\/www.latavolagastro.ch\/wp-content\/uploads\/2024\/10\/cropped-favicon.png","width":512,"height":512,"caption":"La Tavola"},"image":{"@id":"https:\/\/www.latavolagastro.ch\/de\/#\/schema\/logo\/image\/"}}]}},"_links":{"self":[{"href":"https:\/\/www.latavolagastro.ch\/de\/wp-json\/wp\/v2\/pages\/11795","targetHints":{"allow":["GET"]}}],"collection":[{"href":"https:\/\/www.latavolagastro.ch\/de\/wp-json\/wp\/v2\/pages"}],"about":[{"href":"https:\/\/www.latavolagastro.ch\/de\/wp-json\/wp\/v2\/types\/page"}],"author":[{"embeddable":true,"href":"https:\/\/www.latavolagastro.ch\/de\/wp-json\/wp\/v2\/users\/1"}],"replies":[{"embeddable":true,"href":"https:\/\/www.latavolagastro.ch\/de\/wp-json\/wp\/v2\/comments?post=11795"}],"version-history":[{"count":1,"href":"https:\/\/www.latavolagastro.ch\/de\/wp-json\/wp\/v2\/pages\/11795\/revisions"}],"predecessor-version":[{"id":11797,"href":"https:\/\/www.latavolagastro.ch\/de\/wp-json\/wp\/v2\/pages\/11795\/revisions\/11797"}],"wp:featuredmedia":[{"embeddable":true,"href":"https:\/\/www.latavolagastro.ch\/de\/wp-json\/wp\/v2\/media\/11796"}],"wp:attachment":[{"href":"https:\/\/www.latavolagastro.ch\/de\/wp-json\/wp\/v2\/media?parent=11795"}],"curies":[{"name":"wp","href":"https:\/\/api.w.org\/{rel}","templated":true}]}}